{"id":64,"date":"2019-06-13T00:36:07","date_gmt":"2019-06-12T22:36:07","guid":{"rendered":"https:\/\/www.ekointeriery.cz\/?page_id=64"},"modified":"2025-06-16T22:25:55","modified_gmt":"2025-06-16T20:25:55","slug":"opravy-a-vyrovnani-podlah","status":"publish","type":"page","link":"https:\/\/www.ekointeriery.cz\/?page_id=64","title":{"rendered":"Opravy beton\u016f &#8211; vyrovn\u00e1n\u00ed podlah"},"content":{"rendered":"<p>Co nab\u00edz\u00edme:<\/p>\n<ul>\n<li>St\u011brkov\u00e1n\u00ed a opravy beton\u016f<\/li>\n<li>Materi\u00e1l li\u0161ty, rozety, p\u0159echodov\u00e9 a hranov\u00e9 li\u0161ty &#8211; i jednotliv\u00fd prodej na dob\u00edrku<\/li>\n<li>Nab\u00eddka PROFIPLAST &#8211;<\/li>\n<\/ul>\n<p>Na p\u0159\u00e1n\u00ed pro V\u00e1s provedeme opravy a renovace Va\u0161ich podlah (v\u00fdm\u011bna a repase parket, plovouc\u00edch podlah, renovace a vyrovn\u00e1n\u00ed betonov\u00fdch a st\u011brkov\u00fdch povrch\u016f, linoleum, marmoleum, rozetov\u00fdch i hranov\u00fdch). Materialy pro jednotliv\u00e9 povrchy, rozety i hranov\u00e9 li\u0161ty pro vlastn\u00ed instalace dod\u00e1v\u00e1me dle pot\u0159eb i samostatn\u011b po objedn\u00e1n\u00ed na dob\u00edrku.<\/p>\n<hr>\n<p>&nbsp;<\/p>\n","protected":false},"excerpt":{"rendered":"<p>Co nab\u00edz\u00edme: St\u011brkov\u00e1n\u00ed a opravy beton\u016f Materi\u00e1l li\u0161ty, rozety, p\u0159echodov\u00e9 a hranov\u00e9 li\u0161ty &#8211; i jednotliv\u00fd prodej na dob\u00edrku Nab\u00eddka PROFIPLAST &#8211; Na p\u0159\u00e1n\u00ed pro V\u00e1s provedeme opravy a renovace Va\u0161ich podlah (v\u00fdm\u011bna a repase parket, plovouc\u00edch podlah, renovace a vyrovn\u00e1n\u00ed betonov\u00fdch a st\u011brkov\u00fdch povrch\u016f, linoleum, marmoleum, rozetov\u00fdch i hranov\u00fdch). Materialy pro jednotliv\u00e9 povrchy, rozety [&hellip;]<\/p>\n","protected":false},"author":1,"featured_media":0,"parent":0,"menu_order":7,"comment_status":"closed","ping_status":"closed","template":"","meta":{"ngg_post_thumbnail":0,"footnotes":""},"class_list":["post-64","page","type-page","status-publish","hentry"],"_links":{"self":[{"href":"https:\/\/www.ekointeriery.cz\/index.php?rest_route=\/wp\/v2\/pages\/64","targetHints":{"allow":["GET"]}}],"collection":[{"href":"https:\/\/www.ekointeriery.cz\/index.php?rest_route=\/wp\/v2\/pages"}],"about":[{"href":"https:\/\/www.ekointeriery.cz\/index.php?rest_route=\/wp\/v2\/types\/page"}],"author":[{"embeddable":true,"href":"https:\/\/www.ekointeriery.cz\/index.php?rest_route=\/wp\/v2\/users\/1"}],"replies":[{"embeddable":true,"href":"https:\/\/www.ekointeriery.cz\/index.php?rest_route=%2Fwp%2Fv2%2Fcomments&post=64"}],"version-history":[{"count":6,"href":"https:\/\/www.ekointeriery.cz\/index.php?rest_route=\/wp\/v2\/pages\/64\/revisions"}],"predecessor-version":[{"id":976,"href":"https:\/\/www.ekointeriery.cz\/index.php?rest_route=\/wp\/v2\/pages\/64\/revisions\/976"}],"wp:attachment":[{"href":"https:\/\/www.ekointeriery.cz\/index.php?rest_route=%2Fwp%2Fv2%2Fmedia&parent=64"}],"curies":[{"name":"wp","href":"https:\/\/api.w.org\/{rel}","templated":true}]}}