{"id":69,"date":"2019-06-13T00:39:57","date_gmt":"2019-06-12T22:39:57","guid":{"rendered":"https:\/\/www.ekointeriery.cz\/?page_id=69"},"modified":"2025-11-19T05:01:43","modified_gmt":"2025-11-19T04:01:43","slug":"kontakt","status":"publish","type":"page","link":"https:\/\/www.ekointeriery.cz\/?page_id=69","title":{"rendered":"Kontakt"},"content":{"rendered":"<p><img loading=\"lazy\" decoding=\"async\" class=\"alignnone size-medium wp-image-919\" src=\"https:\/\/www.ekointeriery.cz\/wp-content\/uploads\/2019\/11\/LOGO_NEW5-300x155.png\" alt=\"\" width=\"300\" height=\"155\" srcset=\"https:\/\/www.ekointeriery.cz\/wp-content\/uploads\/2019\/11\/LOGO_NEW5-300x155.png 300w, https:\/\/www.ekointeriery.cz\/wp-content\/uploads\/2019\/11\/LOGO_NEW5-1024x527.png 1024w, https:\/\/www.ekointeriery.cz\/wp-content\/uploads\/2019\/11\/LOGO_NEW5-768x396.png 768w, https:\/\/www.ekointeriery.cz\/wp-content\/uploads\/2019\/11\/LOGO_NEW5-1536x791.png 1536w, https:\/\/www.ekointeriery.cz\/wp-content\/uploads\/2019\/11\/LOGO_NEW5-2048x1055.png 2048w\" sizes=\"auto, (max-width: 300px) 100vw, 300px\" \/><\/p>\n<p><strong>EKO Interi\u00e9ry Dvo\u0159\u00e1\u010dek s.r.o.<\/strong><br \/>\n<strong>Mgr. Jan Dvo\u0159\u00e1\u010dek<\/strong><br \/>\n<strong>\u010cesk\u00e1 republika<\/strong><br \/>\n<strong>I\u010cO: <b>07890541<\/b><\/strong><br \/>\n<strong>DI\u010c: CZ<b>07890541<\/b><\/strong><br \/>\n<strong>TEL.: +420 608 733 331 nebo +420 608 757 277<\/strong><br \/>\n<strong>E-mail: dvoracek@ekointeriery.cz<\/strong><br \/>\n<strong>WEB: https:\/\/www.ekointeriery.cz<\/strong><\/p>\n<hr>\n<p style=\"text-align: center;\"><span style=\"font-size: 14pt;\"><strong>KONTAKTUJTE N\u00c1S&#8230;<\/strong><\/span><\/p>\n<p>M\u00e1te z\u00e1jem o na\u0161e slu\u017eby, pot\u0159ebujete nacenit Va\u0161i zak\u00e1zku nebo rekonstrukci? Napi\u0161te n\u00e1m kr\u00e1tkou zpr\u00e1vu pomoc\u00ed na\u0161eho kontaktn\u00edho formul\u00e1\u0159e. Pokud ve zpr\u00e1v\u011b zanech\u00e1te i Va\u0161e telefonn\u00ed \u010d\u00edslo budeme V\u00e1s obratem zp\u011btn\u011b kontaktovat. V r\u00e1mci nov\u00fdch podm\u00ednek pro ochranu osobn\u00edch \u00fadaj\u016f a podm\u00ednek GDPR je nutn\u00e9 p\u0159ed odesl\u00e1n\u00edm, potvrdit souhlas s jejich zpracov\u00e1n\u00edm. Poskytnut\u00e9 informace budou pou\u017eity v\u00fdhradn\u011b pro na\u0161i vnit\u0159n\u00ed pot\u0159ebu a nebudou v \u017e\u00e1dn\u00e9m p\u0159\u00edpad\u011b poskytov\u00e1ny t\u0159et\u00edm stran\u00e1m.<\/p>\n<p><strong><div class=\"wpforms-container wpforms-container-full\" id=\"wpforms-497\"><form id=\"wpforms-form-497\" class=\"wpforms-validate wpforms-form\" data-formid=\"497\" method=\"post\" enctype=\"multipart\/form-data\" action=\"\/index.php?rest_route=%2Fwp%2Fv2%2Fpages%2F69\" data-token=\"31863ab4ba1e9b7555c4d252e3aec1db\" data-token-time=\"1777669115\"><noscript class=\"wpforms-error-noscript\">Chcete-li vyplnit tento formul\u00e1\u0159, pros\u00edm povolte v prohl\u00ed\u017ee\u010di JavaScript.<\/noscript><div class=\"wpforms-field-container\"><div id=\"wpforms-497-field_1-container\" class=\"wpforms-field wpforms-field-name\" data-field-id=\"1\"><label class=\"wpforms-field-label\" for=\"wpforms-497-field_1\">Va\u0161e jm\u00e9no a p\u0159\u00edjmen\u00ed <span class=\"wpforms-required-label\">*<\/span><\/label><input type=\"text\" id=\"wpforms-497-field_1\" class=\"wpforms-field-medium wpforms-field-required\" name=\"wpforms[fields][1]\" required><\/div><div id=\"wpforms-497-field_2-container\" class=\"wpforms-field wpforms-field-email\" data-field-id=\"2\"><label class=\"wpforms-field-label\" for=\"wpforms-497-field_2\">V\u00e1\u0161e platn\u00e1 e-mailov\u00e1 adresa <span class=\"wpforms-required-label\">*<\/span><\/label><input type=\"email\" id=\"wpforms-497-field_2\" class=\"wpforms-field-medium wpforms-field-required\" name=\"wpforms[fields][2]\" spellcheck=\"false\" required><\/div><div id=\"wpforms-497-field_3-container\" class=\"wpforms-field wpforms-field-text\" data-field-id=\"3\"><label class=\"wpforms-field-label\" for=\"wpforms-497-field_3\">P\u0159edm\u011bt Va\u0161eho dotazu - popt\u00e1vky... <span class=\"wpforms-required-label\">*<\/span><\/label><input type=\"text\" id=\"wpforms-497-field_3\" class=\"wpforms-field-medium wpforms-field-required\" name=\"wpforms[fields][3]\" required><\/div><div id=\"wpforms-497-field_4-container\" class=\"wpforms-field wpforms-field-textarea\" data-field-id=\"4\"><label class=\"wpforms-field-label\" for=\"wpforms-497-field_4\">Va\u0161e zpr\u00e1va pro n\u00e1s - nezapome\u0148te p\u0159idat telefonn\u00ed \u010d\u00edslo... <span class=\"wpforms-required-label\">*<\/span><\/label><textarea id=\"wpforms-497-field_4\" class=\"wpforms-field-medium wpforms-field-required\" name=\"wpforms[fields][4]\" required><\/textarea><\/div><div id=\"wpforms-497-field_5-container\" class=\"wpforms-field wpforms-field-checkbox\" data-field-id=\"5\"><label class=\"wpforms-field-label wpforms-label-hide\">Single Checkbox Field <span class=\"wpforms-required-label\">*<\/span><\/label><ul id=\"wpforms-497-field_5\" class=\"wpforms-field-required\"><li class=\"choice-1 depth-1\"><input type=\"checkbox\" id=\"wpforms-497-field_5_1\" name=\"wpforms[fields][5][]\" value=\"Souhlas\u00edm se zpracov\u00e1n\u00edm osobn\u00edch \u00fadaj\u016f pro pot\u0159eby vz\u00e1jemn\u00e9 komunikace za p\u0159edpokladu dodr\u017een\u00ed platn\u00fdch z\u00e1kon\u016f o ochran\u011b osobn\u00edch \u00fadaj\u016f dle podm\u00ednek GDPR. Va\u0161e \u00fadaje nejsou p\u0159ed\u00e1v\u00e1ny \u017e\u00e1dn\u00fdm t\u0159et\u00edm stran\u00e1m a jsou vyu\u017eity pouze pro na\u0161i vz\u00e1jemnou komunikaci.\" required ><label class=\"wpforms-field-label-inline\" for=\"wpforms-497-field_5_1\">Souhlas\u00edm se zpracov\u00e1n\u00edm osobn\u00edch \u00fadaj\u016f pro pot\u0159eby vz\u00e1jemn\u00e9 komunikace za p\u0159edpokladu dodr\u017een\u00ed platn\u00fdch z\u00e1kon\u016f o ochran\u011b osobn\u00edch \u00fadaj\u016f dle podm\u00ednek GDPR. Va\u0161e \u00fadaje nejsou p\u0159ed\u00e1v\u00e1ny \u017e\u00e1dn\u00fdm t\u0159et\u00edm stran\u00e1m a jsou vyu\u017eity pouze pro na\u0161i vz\u00e1jemnou komunikaci.<\/label><\/li><\/ul><\/div><\/div><!-- .wpforms-field-container --><div class=\"wpforms-field wpforms-field-hp\"><label for=\"wpforms-497-field-hp\" class=\"wpforms-field-label\">Website<\/label><input type=\"text\" name=\"wpforms[hp]\" id=\"wpforms-497-field-hp\" class=\"wpforms-field-medium\"><\/div><div class=\"wpforms-recaptcha-container wpforms-is-recaptcha wpforms-is-recaptcha-type-v2\" ><div class=\"g-recaptcha\" data-sitekey=\"6Ld7ypoUAAAAAJZgqf4YNL-GZy4ms6qWTTPE5as4\"><\/div><input type=\"text\" name=\"g-recaptcha-hidden\" class=\"wpforms-recaptcha-hidden\" style=\"position:absolute!important;clip:rect(0,0,0,0)!important;height:1px!important;width:1px!important;border:0!important;overflow:hidden!important;padding:0!important;margin:0!important;\" data-rule-recaptcha=\"1\"><\/div><div class=\"wpforms-submit-container\" ><input type=\"hidden\" name=\"wpforms[id]\" value=\"497\"><input type=\"hidden\" name=\"page_title\" value=\"\"><input type=\"hidden\" name=\"page_url\" value=\"https:\/\/www.ekointeriery.cz\/index.php?rest_route=\/wp\/v2\/pages\/69\"><input type=\"hidden\" name=\"url_referer\" value=\"\"><button type=\"submit\" name=\"wpforms[submit]\" id=\"wpforms-submit-497\" class=\"wpforms-submit\" data-alt-text=\"Odes\u00edl\u00e1m...\" data-submit-text=\"Poslat zpr\u00e1vu\" aria-live=\"assertive\" value=\"wpforms-submit\">Poslat zpr\u00e1vu<\/button><\/div><\/form><\/div>  <!-- .wpforms-container --><\/strong><\/p>\n","protected":false},"excerpt":{"rendered":"<p>EKO Interi\u00e9ry Dvo\u0159\u00e1\u010dek s.r.o. Mgr. Jan Dvo\u0159\u00e1\u010dek \u010cesk\u00e1 republika I\u010cO: 07890541 DI\u010c: CZ07890541 TEL.: +420 608 733 331 nebo +420 608 757 277 E-mail: dvoracek@ekointeriery.cz WEB: https:\/\/www.ekointeriery.cz KONTAKTUJTE N\u00c1S&#8230; M\u00e1te z\u00e1jem o na\u0161e slu\u017eby, pot\u0159ebujete nacenit Va\u0161i zak\u00e1zku nebo rekonstrukci? Napi\u0161te n\u00e1m kr\u00e1tkou zpr\u00e1vu pomoc\u00ed na\u0161eho kontaktn\u00edho formul\u00e1\u0159e. Pokud ve zpr\u00e1v\u011b zanech\u00e1te i Va\u0161e telefonn\u00ed [&hellip;]<\/p>\n","protected":false},"author":1,"featured_media":0,"parent":0,"menu_order":11,"comment_status":"closed","ping_status":"closed","template":"","meta":{"ngg_post_thumbnail":0,"footnotes":""},"class_list":["post-69","page","type-page","status-publish","hentry"],"_links":{"self":[{"href":"https:\/\/www.ekointeriery.cz\/index.php?rest_route=\/wp\/v2\/pages\/69","targetHints":{"allow":["GET"]}}],"collection":[{"href":"https:\/\/www.ekointeriery.cz\/index.php?rest_route=\/wp\/v2\/pages"}],"about":[{"href":"https:\/\/www.ekointeriery.cz\/index.php?rest_route=\/wp\/v2\/types\/page"}],"author":[{"embeddable":true,"href":"https:\/\/www.ekointeriery.cz\/index.php?rest_route=\/wp\/v2\/users\/1"}],"replies":[{"embeddable":true,"href":"https:\/\/www.ekointeriery.cz\/index.php?rest_route=%2Fwp%2Fv2%2Fcomments&post=69"}],"version-history":[{"count":6,"href":"https:\/\/www.ekointeriery.cz\/index.php?rest_route=\/wp\/v2\/pages\/69\/revisions"}],"predecessor-version":[{"id":993,"href":"https:\/\/www.ekointeriery.cz\/index.php?rest_route=\/wp\/v2\/pages\/69\/revisions\/993"}],"wp:attachment":[{"href":"https:\/\/www.ekointeriery.cz\/index.php?rest_route=%2Fwp%2Fv2%2Fmedia&parent=69"}],"curies":[{"name":"wp","href":"https:\/\/api.w.org\/{rel}","templated":true}]}}